{"id":24,"date":"2023-10-30T00:41:56","date_gmt":"2023-10-30T03:41:56","guid":{"rendered":"https:\/\/lacuevadelhombre.com\/?page_id=24"},"modified":"2023-10-30T00:41:56","modified_gmt":"2023-10-30T03:41:56","slug":"caida-de-cabello","status":"publish","type":"page","link":"https:\/\/lacuevadelhombre.com\/index.php\/caida-de-cabello\/","title":{"rendered":"Caida de Cabello???"},"content":{"rendered":"\n<p>Wow! este S\u00ed que es un tema controversial&#8230; se puede parar la ca\u00edda de cabello? se puede crecer m\u00e1s? y no solo eso, si abunda tu cabello entonces hay que cuidarlo para que se vea saludable y prol\u00edjo! Aqu\u00ed vamos! <\/p>\n","protected":false},"excerpt":{"rendered":"<p>Wow! este S\u00ed que es un tema controversial&#8230; se puede parar la ca\u00edda de cabello? se puede crecer m\u00e1s? y&hellip;<\/p>\n","protected":false},"author":1,"featured_media":0,"parent":0,"menu_order":0,"comment_status":"closed","ping_status":"closed","template":"","meta":{"footnotes":""},"class_list":["post-24","page","type-page","status-publish","hentry"],"yoast_head":"<!-- This site is optimized with the Yoast SEO plugin v26.8 - https:\/\/yoast.com\/product\/yoast-seo-wordpress\/ -->\n<title>Caida de Cabello??? - LA CUEVA DEL HOMBRE<\/title>\n<meta name=\"robots\" content=\"index, follow, max-snippet:-1, max-image-preview:large, max-video-preview:-1\" \/>\n<link rel=\"canonical\" href=\"https:\/\/lacuevadelhombre.com\/index.php\/caida-de-cabello\/\" \/>\n<meta property=\"og:locale\" content=\"en_US\" \/>\n<meta property=\"og:type\" content=\"article\" \/>\n<meta property=\"og:title\" content=\"Caida de Cabello??? - LA CUEVA DEL HOMBRE\" \/>\n<meta property=\"og:description\" content=\"Wow! este S\u00ed que es un tema controversial&#8230; se puede parar la ca\u00edda de cabello? se puede crecer m\u00e1s? y&hellip;\" \/>\n<meta property=\"og:url\" content=\"https:\/\/lacuevadelhombre.com\/index.php\/caida-de-cabello\/\" \/>\n<meta property=\"og:site_name\" content=\"LA CUEVA DEL HOMBRE\" \/>\n<meta property=\"article:publisher\" content=\"https:\/\/www.facebook.com\/lacuevadehombres\" \/>\n<meta name=\"twitter:card\" content=\"summary_large_image\" \/>\n<script type=\"application\/ld+json\" class=\"yoast-schema-graph\">{\"@context\":\"https:\/\/schema.org\",\"@graph\":[{\"@type\":\"WebPage\",\"@id\":\"https:\/\/lacuevadelhombre.com\/index.php\/caida-de-cabello\/\",\"url\":\"https:\/\/lacuevadelhombre.com\/index.php\/caida-de-cabello\/\",\"name\":\"Caida de Cabello??? - LA CUEVA DEL HOMBRE\",\"isPartOf\":{\"@id\":\"https:\/\/lacuevadelhombre.com\/#website\"},\"datePublished\":\"2023-10-30T03:41:56+00:00\",\"breadcrumb\":{\"@id\":\"https:\/\/lacuevadelhombre.com\/index.php\/caida-de-cabello\/#breadcrumb\"},\"inLanguage\":\"en-US\",\"potentialAction\":[{\"@type\":\"ReadAction\",\"target\":[\"https:\/\/lacuevadelhombre.com\/index.php\/caida-de-cabello\/\"]}]},{\"@type\":\"BreadcrumbList\",\"@id\":\"https:\/\/lacuevadelhombre.com\/index.php\/caida-de-cabello\/#breadcrumb\",\"itemListElement\":[{\"@type\":\"ListItem\",\"position\":1,\"name\":\"Inicio\",\"item\":\"https:\/\/lacuevadelhombre.com\/\"},{\"@type\":\"ListItem\",\"position\":2,\"name\":\"Caida de Cabello???\"}]},{\"@type\":\"WebSite\",\"@id\":\"https:\/\/lacuevadelhombre.com\/#website\",\"url\":\"https:\/\/lacuevadelhombre.com\/\",\"name\":\"LA CUEVA DEL HOMBRE\",\"description\":\"Somos tu tienda Masculina online! Solo productos para hombres\",\"publisher\":{\"@id\":\"https:\/\/lacuevadelhombre.com\/#organization\"},\"potentialAction\":[{\"@type\":\"SearchAction\",\"target\":{\"@type\":\"EntryPoint\",\"urlTemplate\":\"https:\/\/lacuevadelhombre.com\/?s={search_term_string}\"},\"query-input\":{\"@type\":\"PropertyValueSpecification\",\"valueRequired\":true,\"valueName\":\"search_term_string\"}}],\"inLanguage\":\"en-US\"},{\"@type\":\"Organization\",\"@id\":\"https:\/\/lacuevadelhombre.com\/#organization\",\"name\":\"LA CUEVA DEL HOMBRE\",\"url\":\"https:\/\/lacuevadelhombre.com\/\",\"logo\":{\"@type\":\"ImageObject\",\"inLanguage\":\"en-US\",\"@id\":\"https:\/\/lacuevadelhombre.com\/#\/schema\/logo\/image\/\",\"url\":\"https:\/\/lacuevadelhombre.com\/wp-content\/uploads\/2023\/10\/1.png\",\"contentUrl\":\"https:\/\/lacuevadelhombre.com\/wp-content\/uploads\/2023\/10\/1.png\",\"width\":500,\"height\":500,\"caption\":\"LA CUEVA DEL HOMBRE\"},\"image\":{\"@id\":\"https:\/\/lacuevadelhombre.com\/#\/schema\/logo\/image\/\"},\"sameAs\":[\"https:\/\/www.facebook.com\/lacuevadehombres\",\"https:\/\/www.instagram.com\/lacueva.delhombre\/\"]}]}<\/script>\n<!-- \/ Yoast SEO plugin. -->","yoast_head_json":{"title":"Caida de Cabello??? - LA CUEVA DEL HOMBRE","robots":{"index":"index","follow":"follow","max-snippet":"max-snippet:-1","max-image-preview":"max-image-preview:large","max-video-preview":"max-video-preview:-1"},"canonical":"https:\/\/lacuevadelhombre.com\/index.php\/caida-de-cabello\/","og_locale":"en_US","og_type":"article","og_title":"Caida de Cabello??? - LA CUEVA DEL HOMBRE","og_description":"Wow! este S\u00ed que es un tema controversial&#8230; se puede parar la ca\u00edda de cabello? se puede crecer m\u00e1s? y&hellip;","og_url":"https:\/\/lacuevadelhombre.com\/index.php\/caida-de-cabello\/","og_site_name":"LA CUEVA DEL HOMBRE","article_publisher":"https:\/\/www.facebook.com\/lacuevadehombres","twitter_card":"summary_large_image","schema":{"@context":"https:\/\/schema.org","@graph":[{"@type":"WebPage","@id":"https:\/\/lacuevadelhombre.com\/index.php\/caida-de-cabello\/","url":"https:\/\/lacuevadelhombre.com\/index.php\/caida-de-cabello\/","name":"Caida de Cabello??? - LA CUEVA DEL HOMBRE","isPartOf":{"@id":"https:\/\/lacuevadelhombre.com\/#website"},"datePublished":"2023-10-30T03:41:56+00:00","breadcrumb":{"@id":"https:\/\/lacuevadelhombre.com\/index.php\/caida-de-cabello\/#breadcrumb"},"inLanguage":"en-US","potentialAction":[{"@type":"ReadAction","target":["https:\/\/lacuevadelhombre.com\/index.php\/caida-de-cabello\/"]}]},{"@type":"BreadcrumbList","@id":"https:\/\/lacuevadelhombre.com\/index.php\/caida-de-cabello\/#breadcrumb","itemListElement":[{"@type":"ListItem","position":1,"name":"Inicio","item":"https:\/\/lacuevadelhombre.com\/"},{"@type":"ListItem","position":2,"name":"Caida de Cabello???"}]},{"@type":"WebSite","@id":"https:\/\/lacuevadelhombre.com\/#website","url":"https:\/\/lacuevadelhombre.com\/","name":"LA CUEVA DEL HOMBRE","description":"Somos tu tienda Masculina online! Solo productos para hombres","publisher":{"@id":"https:\/\/lacuevadelhombre.com\/#organization"},"potentialAction":[{"@type":"SearchAction","target":{"@type":"EntryPoint","urlTemplate":"https:\/\/lacuevadelhombre.com\/?s={search_term_string}"},"query-input":{"@type":"PropertyValueSpecification","valueRequired":true,"valueName":"search_term_string"}}],"inLanguage":"en-US"},{"@type":"Organization","@id":"https:\/\/lacuevadelhombre.com\/#organization","name":"LA CUEVA DEL HOMBRE","url":"https:\/\/lacuevadelhombre.com\/","logo":{"@type":"ImageObject","inLanguage":"en-US","@id":"https:\/\/lacuevadelhombre.com\/#\/schema\/logo\/image\/","url":"https:\/\/lacuevadelhombre.com\/wp-content\/uploads\/2023\/10\/1.png","contentUrl":"https:\/\/lacuevadelhombre.com\/wp-content\/uploads\/2023\/10\/1.png","width":500,"height":500,"caption":"LA CUEVA DEL HOMBRE"},"image":{"@id":"https:\/\/lacuevadelhombre.com\/#\/schema\/logo\/image\/"},"sameAs":["https:\/\/www.facebook.com\/lacuevadehombres","https:\/\/www.instagram.com\/lacueva.delhombre\/"]}]}},"_links":{"self":[{"href":"https:\/\/lacuevadelhombre.com\/index.php\/wp-json\/wp\/v2\/pages\/24","targetHints":{"allow":["GET"]}}],"collection":[{"href":"https:\/\/lacuevadelhombre.com\/index.php\/wp-json\/wp\/v2\/pages"}],"about":[{"href":"https:\/\/lacuevadelhombre.com\/index.php\/wp-json\/wp\/v2\/types\/page"}],"author":[{"embeddable":true,"href":"https:\/\/lacuevadelhombre.com\/index.php\/wp-json\/wp\/v2\/users\/1"}],"replies":[{"embeddable":true,"href":"https:\/\/lacuevadelhombre.com\/index.php\/wp-json\/wp\/v2\/comments?post=24"}],"version-history":[{"count":1,"href":"https:\/\/lacuevadelhombre.com\/index.php\/wp-json\/wp\/v2\/pages\/24\/revisions"}],"predecessor-version":[{"id":25,"href":"https:\/\/lacuevadelhombre.com\/index.php\/wp-json\/wp\/v2\/pages\/24\/revisions\/25"}],"wp:attachment":[{"href":"https:\/\/lacuevadelhombre.com\/index.php\/wp-json\/wp\/v2\/media?parent=24"}],"curies":[{"name":"wp","href":"https:\/\/api.w.org\/{rel}","templated":true}]}}